{"id":774,"date":"2020-08-07T08:16:22","date_gmt":"2020-08-07T08:16:22","guid":{"rendered":"http:\/\/und-oder-einesammlung.musik.tu-dortmund.de\/wordpress\/?page_id=774"},"modified":"2020-08-07T09:17:06","modified_gmt":"2020-08-07T09:17:06","slug":"tonsatz-suite-partita-fantasia-latente-mehrstimmigkeit-im-barock","status":"publish","type":"page","link":"http:\/\/und-oder-einesammlung.musik.tu-dortmund.de\/wordpress\/en\/workshop-tu-dortmund\/tonsatz-suite-partita-fantasia-latente-mehrstimmigkeit-im-barock","title":{"rendered":"Tonsatz: Suite, Partita, Fantasia &#8211; Latente Mehrstimmigkeit im Barock (2020)"},"content":{"rendered":"\n<p>Diese Kompositionen entstanden im Rahmen des Tonsatzseminars im Sommersemester 2020 an der TU Dortmund.<\/p>\n\n\n\n<p> <\/p>\n\n\n\n<p><strong>Dorina Kramer:<\/strong><\/p>\n\n\n\n<div class=\"wp-block-file\"><a href=\"http:\/\/und-oder-einesammlung.musik.tu-dortmund.de\/wordpress\/wp-content\/uploads\/2020\/08\/Dorina-Kramer_Fantasie-in-c-Moll_13627.pdf\">Fantasie-in-c-Moll<\/a><a href=\"http:\/\/und-oder-einesammlung.musik.tu-dortmund.de\/wordpress\/wp-content\/uploads\/2020\/08\/Dorina-Kramer_Fantasie-in-c-Moll_13627.pdf\" class=\"wp-block-file__button\" download>Herunterladen<\/a><\/div>\n\n\n\n<figure class=\"wp-block-audio\"><audio controls src=\"http:\/\/und-oder-einesammlung.musik.tu-dortmund.de\/wordpress\/wp-content\/uploads\/2020\/08\/Dorina-Kramer_Fantasie-in-c-Moll.mp3\"><\/audio><\/figure>\n\n\n\n<p> <\/p>\n\n\n\n<p><strong>Felix Kuhn:<\/strong><\/p>\n\n\n\n<div class=\"wp-block-file\"><a href=\"http:\/\/und-oder-einesammlung.musik.tu-dortmund.de\/wordpress\/wp-content\/uploads\/2020\/08\/Felix-Kuhn_Komposition-Tonsatz-Felix-Kuhn_59049.pdf\">Fantasie f\u00fcr Blockfl\u00f6te<\/a><a href=\"http:\/\/und-oder-einesammlung.musik.tu-dortmund.de\/wordpress\/wp-content\/uploads\/2020\/08\/Felix-Kuhn_Komposition-Tonsatz-Felix-Kuhn_59049.pdf\" class=\"wp-block-file__button\" download>Herunterladen<\/a><\/div>\n\n\n\n<p> <\/p>\n\n\n\n<p><strong>Marcel Lengner:<\/strong> <\/p>\n\n\n\n<div class=\"wp-block-file\"><a href=\"http:\/\/und-oder-einesammlung.musik.tu-dortmund.de\/wordpress\/wp-content\/uploads\/2020\/08\/Marcel-Lengner_Allemande-f\u00fcr-Fl\u00f6te-in-A-Dur_51397.pdf\">Allemande f\u00fcr Fl\u00f6te in A-Dur<\/a><a href=\"http:\/\/und-oder-einesammlung.musik.tu-dortmund.de\/wordpress\/wp-content\/uploads\/2020\/08\/Marcel-Lengner_Allemande-f\u00fcr-Fl\u00f6te-in-A-Dur_51397.pdf\" class=\"wp-block-file__button\" download>Herunterladen<\/a><\/div>\n\n\n\n<figure class=\"wp-block-audio\"><audio controls src=\"http:\/\/und-oder-einesammlung.musik.tu-dortmund.de\/wordpress\/wp-content\/uploads\/2020\/08\/Marcel-Lengner_Allemande-f\u00fcr-Fl\u00f6te-in-A-Dur.mp3\"><\/audio><\/figure>\n\n\n\n<p> <\/p>\n\n\n\n<p><strong>Marco D\u00fcker:<\/strong><\/p>\n\n\n\n<div class=\"wp-block-file\"><a href=\"http:\/\/und-oder-einesammlung.musik.tu-dortmund.de\/wordpress\/wp-content\/uploads\/2020\/08\/Marco-D\u00fcker_Fantasie-f\u00fcr-Orgel-Marco-D\u00fcker_56622.pdf\">Fantasie f\u00fcr Orgel <\/a><a href=\"http:\/\/und-oder-einesammlung.musik.tu-dortmund.de\/wordpress\/wp-content\/uploads\/2020\/08\/Marco-D\u00fcker_Fantasie-f\u00fcr-Orgel-Marco-D\u00fcker_56622.pdf\" class=\"wp-block-file__button\" download>Herunterladen<\/a><\/div>\n\n\n\n<figure class=\"wp-block-audio\"><audio controls src=\"http:\/\/und-oder-einesammlung.musik.tu-dortmund.de\/wordpress\/wp-content\/uploads\/2020\/08\/Marco-D\u00fcker_Fantasie-f\u00fcr-Orgel-mit-Verzierung.mp3\"><\/audio><\/figure>\n\n\n\n<p> <\/p>\n\n\n\n<p><strong>Nina Kustos:<\/strong><\/p>\n\n\n\n<div class=\"wp-block-file\"><a href=\"http:\/\/und-oder-einesammlung.musik.tu-dortmund.de\/wordpress\/wp-content\/uploads\/2020\/08\/Nina-Kustos_Sarabande-f\u00fcr-Violine-in-a-Moll_51975.pdf\">Sarabande f\u00fcr Violine in a-Moll<\/a><a href=\"http:\/\/und-oder-einesammlung.musik.tu-dortmund.de\/wordpress\/wp-content\/uploads\/2020\/08\/Nina-Kustos_Sarabande-f\u00fcr-Violine-in-a-Moll_51975.pdf\" class=\"wp-block-file__button\" download>Herunterladen<\/a><\/div>\n\n\n\n<figure class=\"wp-block-audio\"><audio controls src=\"http:\/\/und-oder-einesammlung.musik.tu-dortmund.de\/wordpress\/wp-content\/uploads\/2020\/08\/Nina-Kustos_Aufnahme-Sarabande-f\u00fcr-Violine_51975.mp3\"><\/audio><\/figure>\n\n\n\n<p>  <\/p>\n\n\n\n<p><strong>Philip Schimchen:<\/strong><\/p>\n\n\n\n<div class=\"wp-block-file\"><a href=\"http:\/\/und-oder-einesammlung.musik.tu-dortmund.de\/wordpress\/wp-content\/uploads\/2020\/08\/Philip-Schimchen_Philip-Schimchen_Fantasie_43360.pdf\">Fantasie<\/a><a href=\"http:\/\/und-oder-einesammlung.musik.tu-dortmund.de\/wordpress\/wp-content\/uploads\/2020\/08\/Philip-Schimchen_Philip-Schimchen_Fantasie_43360.pdf\" class=\"wp-block-file__button\" download>Herunterladen<\/a><\/div>\n\n\n\n<p> <\/p>\n\n\n\n<p><strong>Simon Hofstetter:<\/strong><\/p>\n\n\n\n<div class=\"wp-block-file\"><a href=\"http:\/\/und-oder-einesammlung.musik.tu-dortmund.de\/wordpress\/wp-content\/uploads\/2020\/08\/Simon-Hofs.-Fantasie-d-moll.pdf\">Fantasie d-moll<\/a><a href=\"http:\/\/und-oder-einesammlung.musik.tu-dortmund.de\/wordpress\/wp-content\/uploads\/2020\/08\/Simon-Hofs.-Fantasie-d-moll.pdf\" class=\"wp-block-file__button\" download>Herunterladen<\/a><\/div>\n\n\n\n<figure class=\"wp-block-audio\"><audio controls src=\"http:\/\/und-oder-einesammlung.musik.tu-dortmund.de\/wordpress\/wp-content\/uploads\/2020\/08\/Simon-Hofstetter-Fantasie-d-moll.mp3\"><\/audio><\/figure>\n\n\n\n<p><\/p>\n\n\n\n<p><\/p>\n","protected":false},"excerpt":{"rendered":"<p>Diese Kompositionen entstanden im Rahmen des Tonsatzseminars im Sommersemester 2020 an der TU Dortmund. Dorina Kramer: Felix Kuhn: Marcel Lengner: Marco D\u00fcker: Nina Kustos: Philip Schimchen: Simon Hofstetter:<\/p>\n","protected":false},"author":1,"featured_media":0,"parent":36,"menu_order":0,"comment_status":"closed","ping_status":"closed","template":"","meta":[],"_links":{"self":[{"href":"http:\/\/und-oder-einesammlung.musik.tu-dortmund.de\/wordpress\/en\/wp-json\/wp\/v2\/pages\/774"}],"collection":[{"href":"http:\/\/und-oder-einesammlung.musik.tu-dortmund.de\/wordpress\/en\/wp-json\/wp\/v2\/pages"}],"about":[{"href":"http:\/\/und-oder-einesammlung.musik.tu-dortmund.de\/wordpress\/en\/wp-json\/wp\/v2\/types\/page"}],"author":[{"embeddable":true,"href":"http:\/\/und-oder-einesammlung.musik.tu-dortmund.de\/wordpress\/en\/wp-json\/wp\/v2\/users\/1"}],"replies":[{"embeddable":true,"href":"http:\/\/und-oder-einesammlung.musik.tu-dortmund.de\/wordpress\/en\/wp-json\/wp\/v2\/comments?post=774"}],"version-history":[{"count":10,"href":"http:\/\/und-oder-einesammlung.musik.tu-dortmund.de\/wordpress\/en\/wp-json\/wp\/v2\/pages\/774\/revisions"}],"predecessor-version":[{"id":800,"href":"http:\/\/und-oder-einesammlung.musik.tu-dortmund.de\/wordpress\/en\/wp-json\/wp\/v2\/pages\/774\/revisions\/800"}],"up":[{"embeddable":true,"href":"http:\/\/und-oder-einesammlung.musik.tu-dortmund.de\/wordpress\/en\/wp-json\/wp\/v2\/pages\/36"}],"wp:attachment":[{"href":"http:\/\/und-oder-einesammlung.musik.tu-dortmund.de\/wordpress\/en\/wp-json\/wp\/v2\/media?parent=774"}],"curies":[{"name":"wp","href":"https:\/\/api.w.org\/{rel}","templated":true}]}}