{"id":803,"date":"2021-02-09T20:28:09","date_gmt":"2021-02-09T20:28:09","guid":{"rendered":"http:\/\/und-oder-einesammlung.musik.tu-dortmund.de\/wordpress\/?page_id=803"},"modified":"2021-02-12T23:48:18","modified_gmt":"2021-02-12T23:48:18","slug":"komposition-performanz-in-kompositions-und-ausfuehrungsprozessen","status":"publish","type":"page","link":"http:\/\/und-oder-einesammlung.musik.tu-dortmund.de\/wordpress\/en\/workshop-tu-dortmund\/komposition-performanz-in-kompositions-und-ausfuehrungsprozessen","title":{"rendered":"Komposition: Performanz in Kompositions- und Ausf\u00fchrungsprozessen (2021)"},"content":{"rendered":"\n<p>Diese Kompositionen entstanden im Rahmen des Kompositionsseminars im Wintersemester 2020\/21 an der TU Dortmund.<\/p>\n\n\n\n<p><a href=\"http:\/\/und-oder-einesammlung.musik.tu-dortmund.de\/wordpress\/wp-content\/uploads\/2021\/02\/Kramer-Dorina_Tassenkonzert.pdf\">Dorina Kramer &#8211; Tassenkonzert<\/a><\/p>\n\n\n\n<p><a href=\"http:\/\/und-oder-einesammlung.musik.tu-dortmund.de\/wordpress\/wp-content\/uploads\/2021\/02\/Hahn-Marja_-Einladung-fu\u0308r-Viele.pdf\">Marja Hahn &#8211; Einladung fu\u0308r Viele<\/a><\/p>\n\n\n\n<p><a href=\"http:\/\/und-oder-einesammlung.musik.tu-dortmund.de\/wordpress\/wp-content\/uploads\/2021\/02\/Kutta-Nils_Ununterbrochen.pdf\">Nils Kutta &#8211; Ununterbrochen<\/a><\/p>\n\n\n\n<p><a href=\"http:\/\/und-oder-einesammlung.musik.tu-dortmund.de\/wordpress\/wp-content\/uploads\/2021\/02\/Nils-Kutta-sichfallenlassen.pdf\">Nils Kutta &#8211; sich fallen lassen<\/a><\/p>\n\n\n\n<p><a href=\"http:\/\/und-oder-einesammlung.musik.tu-dortmund.de\/wordpress\/wp-content\/uploads\/2021\/02\/Nils-Kutta-Herzschlag.pdf\">Nils Kutta &#8211; Herzschlag<\/a><\/p>\n\n\n\n<p><a href=\"http:\/\/und-oder-einesammlung.musik.tu-dortmund.de\/wordpress\/wp-content\/uploads\/2021\/02\/Machulla-Miguel_eine_meine_unsere-Reise.pdf\">Miguel Machulla &#8211; eine\/meine\/unsere Reise<\/a><\/p>\n\n\n\n<p><a href=\"http:\/\/und-oder-einesammlung.musik.tu-dortmund.de\/wordpress\/wp-content\/uploads\/2021\/02\/Miguel-Machulla-Blaues-Mantra.pdf\">Miguel Machulla &#8211; Blaues Mantra<\/a><\/p>\n\n\n\n<p><a href=\"http:\/\/und-oder-einesammlung.musik.tu-dortmund.de\/wordpress\/wp-content\/uploads\/2021\/02\/Miguel-Machulla-Singulaeres-Taetigkeitsvermoegen.pdf\">Miguel Machulla &#8211; Singul\u00e4res T\u00e4tigkeitsverm\u00f6gen<\/a><\/p>\n\n\n\n<p><a href=\"http:\/\/und-oder-einesammlung.musik.tu-dortmund.de\/wordpress\/wp-content\/uploads\/2021\/02\/Miguel-Machulla-Waldeseinsamkeit.pdf\">Miguel Machulla &#8211; Waldeseinsamkeit<\/a><\/p>\n\n\n\n<p><a href=\"http:\/\/und-oder-einesammlung.musik.tu-dortmund.de\/wordpress\/wp-content\/uploads\/2021\/02\/ew16.358-im-dornwald-1.pdf\">Eva-Maria Houben &#8211; im dornwald 1<\/a><\/p>\n\n\n\n<p><a href=\"http:\/\/und-oder-einesammlung.musik.tu-dortmund.de\/wordpress\/wp-content\/uploads\/2021\/02\/ew16.358-im-dornwald-2.pdf\">Eva-Maria Houben &#8211; im dornwald 2<\/a><\/p>\n\n\n\n<p><a href=\"http:\/\/und-oder-einesammlung.musik.tu-dortmund.de\/wordpress\/wp-content\/uploads\/2021\/02\/ew16.358-im-dornwald-3.pdf\">Eva-Maria Houben &#8211; im dornwald 3<\/a><\/p>\n\n\n\n<p><a href=\"http:\/\/und-oder-einesammlung.musik.tu-dortmund.de\/wordpress\/wp-content\/uploads\/2021\/02\/Istvan-Zelenka-pour-Laurent-Estoppey.pdf\">Istv\u00e0n Zelenka &#8211; pour Laurent Estoppey<\/a><\/p>\n\n\n\n<p><a href=\"http:\/\/und-oder-einesammlung.musik.tu-dortmund.de\/wordpress\/wp-content\/uploads\/2021\/02\/Istvan-Zelenka-something-somethink.pdf\">Istv\u00e0n Zelenka &#8211; something, somethink<\/a><\/p>\n","protected":false},"excerpt":{"rendered":"<p>Diese Kompositionen entstanden im Rahmen des Kompositionsseminars im Wintersemester 2020\/21 an der TU Dortmund. Dorina Kramer &#8211; Tassenkonzert Marja Hahn &#8211; Einladung fu\u0308r Viele Nils Kutta &#8211; Ununterbrochen Nils Kutta &#8211; sich fallen lassen Nils Kutta &#8211; Herzschlag Miguel Machulla &#8211; eine\/meine\/unsere Reise Miguel Machulla &#8211; Blaues Mantra Miguel Machulla &#8211; Singul\u00e4res T\u00e4tigkeitsverm\u00f6gen Miguel Machulla &hellip; <a href=\"http:\/\/und-oder-einesammlung.musik.tu-dortmund.de\/wordpress\/en\/workshop-tu-dortmund\/komposition-performanz-in-kompositions-und-ausfuehrungsprozessen\" class=\"more-link\">Continue reading <span class=\"screen-reader-text\">Komposition: Performanz in Kompositions- und Ausf\u00fchrungsprozessen (2021)<\/span> <span class=\"meta-nav\">&rarr;<\/span><\/a><\/p>\n","protected":false},"author":1,"featured_media":0,"parent":36,"menu_order":0,"comment_status":"closed","ping_status":"closed","template":"","meta":[],"_links":{"self":[{"href":"http:\/\/und-oder-einesammlung.musik.tu-dortmund.de\/wordpress\/en\/wp-json\/wp\/v2\/pages\/803"}],"collection":[{"href":"http:\/\/und-oder-einesammlung.musik.tu-dortmund.de\/wordpress\/en\/wp-json\/wp\/v2\/pages"}],"about":[{"href":"http:\/\/und-oder-einesammlung.musik.tu-dortmund.de\/wordpress\/en\/wp-json\/wp\/v2\/types\/page"}],"author":[{"embeddable":true,"href":"http:\/\/und-oder-einesammlung.musik.tu-dortmund.de\/wordpress\/en\/wp-json\/wp\/v2\/users\/1"}],"replies":[{"embeddable":true,"href":"http:\/\/und-oder-einesammlung.musik.tu-dortmund.de\/wordpress\/en\/wp-json\/wp\/v2\/comments?post=803"}],"version-history":[{"count":9,"href":"http:\/\/und-oder-einesammlung.musik.tu-dortmund.de\/wordpress\/en\/wp-json\/wp\/v2\/pages\/803\/revisions"}],"predecessor-version":[{"id":835,"href":"http:\/\/und-oder-einesammlung.musik.tu-dortmund.de\/wordpress\/en\/wp-json\/wp\/v2\/pages\/803\/revisions\/835"}],"up":[{"embeddable":true,"href":"http:\/\/und-oder-einesammlung.musik.tu-dortmund.de\/wordpress\/en\/wp-json\/wp\/v2\/pages\/36"}],"wp:attachment":[{"href":"http:\/\/und-oder-einesammlung.musik.tu-dortmund.de\/wordpress\/en\/wp-json\/wp\/v2\/media?parent=803"}],"curies":[{"name":"wp","href":"https:\/\/api.w.org\/{rel}","templated":true}]}}