{"id":236,"date":"2016-08-10T14:32:11","date_gmt":"2016-08-10T14:32:11","guid":{"rendered":"http:\/\/und-oder-einesammlung.musik.tu-dortmund.de\/wordpress\/?page_id=236"},"modified":"2018-04-11T09:56:58","modified_gmt":"2018-04-11T09:56:58","slug":"kompositionen","status":"publish","type":"page","link":"http:\/\/und-oder-einesammlung.musik.tu-dortmund.de\/wordpress\/workshop-tu-dortmund\/workshop-cage\/kompositionen","title":{"rendered":"Kompositionen &#8211; Workshop Cage"},"content":{"rendered":"<p><\/p>\n<p style=\"text-align: center;\"><em>\u00a0&#8211; Aufrufen der Partituren durch Anklicken der Namen &#8211;<\/em><\/p>\n<p style=\"text-align: center;\"><a href=\"http:\/\/und-oder-einesammlung.musik.tu-dortmund.de\/wordpress\/wp-content\/uploads\/2016\/08\/Bileam-K\u00fcmper-Selfie.pdf\">Bileam K\u00fcmper &#8211; Selfie<\/a><\/p>\n<p style=\"text-align: center;\"><img decoding=\"async\" loading=\"lazy\" class=\"alignnone wp-image-243\" src=\"http:\/\/und-oder-einesammlung.musik.tu-dortmund.de\/wordpress\/wp-content\/uploads\/2016\/08\/Bileam-Dortmunder-U-225x300.jpg\" alt=\"Bileam Dortmunder U\" width=\"176\" height=\"235\" srcset=\"http:\/\/und-oder-einesammlung.musik.tu-dortmund.de\/wordpress\/wp-content\/uploads\/2016\/08\/Bileam-Dortmunder-U-225x300.jpg 225w, http:\/\/und-oder-einesammlung.musik.tu-dortmund.de\/wordpress\/wp-content\/uploads\/2016\/08\/Bileam-Dortmunder-U-768x1024.jpg 768w, http:\/\/und-oder-einesammlung.musik.tu-dortmund.de\/wordpress\/wp-content\/uploads\/2016\/08\/Bileam-Dortmunder-U.jpg 810w\" sizes=\"(max-width: 176px) 100vw, 176px\" \/><\/p>\n<p style=\"text-align: center;\"><a href=\"http:\/\/und-oder-einesammlung.musik.tu-dortmund.de\/wordpress\/wp-content\/uploads\/2016\/08\/Catrin-Lange-F\u00fclle-Raum-mit-Klang.pdf\">Catrin Lange &#8211; F\u00fclle Raum mit Klang<\/a><\/p>\n<p style=\"text-align: center;\"><img decoding=\"async\" loading=\"lazy\" class=\"alignnone wp-image-246\" src=\"http:\/\/und-oder-einesammlung.musik.tu-dortmund.de\/wordpress\/wp-content\/uploads\/2016\/08\/Dortmunder-U-Catrin-Lange-A-214x300.jpg\" alt=\"Dortmunder U Catrin Lange A\" width=\"177\" height=\"248\" srcset=\"http:\/\/und-oder-einesammlung.musik.tu-dortmund.de\/wordpress\/wp-content\/uploads\/2016\/08\/Dortmunder-U-Catrin-Lange-A-214x300.jpg 214w, http:\/\/und-oder-einesammlung.musik.tu-dortmund.de\/wordpress\/wp-content\/uploads\/2016\/08\/Dortmunder-U-Catrin-Lange-A.jpg 410w\" sizes=\"(max-width: 177px) 100vw, 177px\" \/><\/p>\n<p style=\"text-align: center;\"><a href=\"http:\/\/und-oder-einesammlung.musik.tu-dortmund.de\/wordpress\/wp-content\/uploads\/2016\/08\/Eva-Maria-Houben-choose-a-duration.pdf\">Eva-Maria Houben &#8211; choose a duration<\/a><\/p>\n<p style=\"text-align: center;\"><a href=\"http:\/\/und-oder-einesammlung.musik.tu-dortmund.de\/wordpress\/wp-content\/uploads\/2017\/03\/Esther-Marie-Verb\u00fccheln-Nachtflug.pdf\">Esther Marie Verb\u00fccheln &#8211; Nachtflug<\/a><\/p>\n<p style=\"text-align: center;\"><a href=\"http:\/\/und-oder-einesammlung.musik.tu-dortmund.de\/wordpress\/wp-content\/uploads\/2017\/03\/Florian-Kidschun-DurchDenRaumSpielanweisungen.pdf\">Florian Kidschun &#8211; Durch Den Raum<\/a><\/p>\n<p style=\"text-align: center;\"><a href=\"http:\/\/und-oder-einesammlung.musik.tu-dortmund.de\/wordpress\/wp-content\/uploads\/2017\/03\/Istv\u00e0n-Zelenka-wenn-ich-mich-recht-erinnere.pdf\">Istv\u00e0n Zelenka &#8211; wenn ich mich recht erinnere<\/a><\/p>\n<p style=\"text-align: center;\"><a href=\"http:\/\/und-oder-einesammlung.musik.tu-dortmund.de\/wordpress\/wp-content\/uploads\/2017\/03\/Mark-So-readings-51.pdf\">Mark So &#8211; readings 51<\/a><\/p>\n<p style=\"text-align: center;\"><a href=\"http:\/\/und-oder-einesammlung.musik.tu-dortmund.de\/wordpress\/wp-content\/uploads\/2017\/03\/Martin-Ebeling-per-se-per-tres.pdf\">Martin Ebeling &#8211; per se per tres<\/a><\/p>\n<p style=\"text-align: center;\"><a href=\"http:\/\/und-oder-einesammlung.musik.tu-dortmund.de\/wordpress\/wp-content\/uploads\/2017\/03\/Martin-K\u00fchner-Das-Convent.pdf\">Martin K\u00fchner &#8211; Das Convent<\/a><\/p>\n<p style=\"text-align: center;\"><a href=\"http:\/\/und-oder-einesammlung.musik.tu-dortmund.de\/wordpress\/wp-content\/uploads\/2017\/03\/Tim-Haumann-die-Zeit-steht-still.pdf\">Tim Haumann &#8211; die Zeit steht still<\/a><\/p>\n<p style=\"text-align: center;\"><a href=\"http:\/\/und-oder-einesammlung.musik.tu-dortmund.de\/wordpress\/wp-content\/uploads\/2017\/03\/Ursula-G\u00f6ller-Cluster-Aufl\u00f6sung.pdf\">Ursula G\u00f6ller &#8211; Cluster-Aufl\u00f6sung<\/a><\/p>\n<p><\/p>","protected":false},"excerpt":{"rendered":"<p>\u00a0&#8211; Aufrufen der Partituren durch Anklicken der Namen &#8211; Bileam K\u00fcmper &#8211; Selfie Catrin Lange &#8211; F\u00fclle Raum mit Klang Eva-Maria Houben &#8211; choose a duration Esther Marie Verb\u00fccheln &#8211; Nachtflug Florian Kidschun &#8211; Durch Den Raum Istv\u00e0n Zelenka &#8211; wenn ich mich recht erinnere Mark So &#8211; readings 51 Martin Ebeling &#8211; per se &hellip; <a href=\"http:\/\/und-oder-einesammlung.musik.tu-dortmund.de\/wordpress\/workshop-tu-dortmund\/workshop-cage\/kompositionen\" class=\"more-link\"><span class=\"screen-reader-text\">Kompositionen &#8211; Workshop Cage<\/span> weiterlesen <span class=\"meta-nav\">&rarr;<\/span><\/a><\/p>\n","protected":false},"author":1,"featured_media":0,"parent":207,"menu_order":0,"comment_status":"closed","ping_status":"closed","template":"","meta":[],"_links":{"self":[{"href":"http:\/\/und-oder-einesammlung.musik.tu-dortmund.de\/wordpress\/wp-json\/wp\/v2\/pages\/236"}],"collection":[{"href":"http:\/\/und-oder-einesammlung.musik.tu-dortmund.de\/wordpress\/wp-json\/wp\/v2\/pages"}],"about":[{"href":"http:\/\/und-oder-einesammlung.musik.tu-dortmund.de\/wordpress\/wp-json\/wp\/v2\/types\/page"}],"author":[{"embeddable":true,"href":"http:\/\/und-oder-einesammlung.musik.tu-dortmund.de\/wordpress\/wp-json\/wp\/v2\/users\/1"}],"replies":[{"embeddable":true,"href":"http:\/\/und-oder-einesammlung.musik.tu-dortmund.de\/wordpress\/wp-json\/wp\/v2\/comments?post=236"}],"version-history":[{"count":14,"href":"http:\/\/und-oder-einesammlung.musik.tu-dortmund.de\/wordpress\/wp-json\/wp\/v2\/pages\/236\/revisions"}],"predecessor-version":[{"id":741,"href":"http:\/\/und-oder-einesammlung.musik.tu-dortmund.de\/wordpress\/wp-json\/wp\/v2\/pages\/236\/revisions\/741"}],"up":[{"embeddable":true,"href":"http:\/\/und-oder-einesammlung.musik.tu-dortmund.de\/wordpress\/wp-json\/wp\/v2\/pages\/207"}],"wp:attachment":[{"href":"http:\/\/und-oder-einesammlung.musik.tu-dortmund.de\/wordpress\/wp-json\/wp\/v2\/media?parent=236"}],"curies":[{"name":"wp","href":"https:\/\/api.w.org\/{rel}","templated":true}]}}